{"id":2874,"date":"2021-10-04T04:22:21","date_gmt":"2021-10-04T01:22:21","guid":{"rendered":"https:\/\/beckmimarlik.com\/services\/alanda-tecrube\/"},"modified":"2025-11-16T19:46:16","modified_gmt":"2025-11-16T16:46:16","slug":"field-experience","status":"publish","type":"page","link":"https:\/\/beckmimarlik.com\/en\/services\/field-experience\/","title":{"rendered":"Field Experience"},"content":{"rendered":"\t\t<div data-elementor-type=\"wp-page\" data-elementor-id=\"2874\" class=\"elementor elementor-2874\">\n\t\t\t\t\t\t<section class=\"elementor-section elementor-top-section elementor-element elementor-element-5b1236fd elementor-section-full_width elementor-section-height-default elementor-section-height-default\" data-id=\"5b1236fd\" data-element_type=\"section\">\n\t\t\t\t\t\t<div class=\"elementor-container elementor-column-gap-no\">\n\t\t\t\t\t<div class=\"elementor-column elementor-col-100 elementor-top-column elementor-element elementor-element-3eaec6e4\" data-id=\"3eaec6e4\" data-element_type=\"column\">\n\t\t\t<div class=\"elementor-widget-wrap elementor-element-populated\">\n\t\t\t\t\t\t<div class=\"elementor-section elementor-inner-section elementor-element elementor-element-64a7113d elementor-section-full_width elementor-section-height-default elementor-section-height-default\" data-id=\"64a7113d\" data-element_type=\"section\">\n\t\t\t\t\t\t<div class=\"elementor-container elementor-column-gap-default\">\n\t\t\t\t\t<div class=\"elementor-column elementor-col-100 elementor-inner-column elementor-element elementor-element-40ec4f5f\" data-id=\"40ec4f5f\" data-element_type=\"column\">\n\t\t\t<div class=\"elementor-widget-wrap elementor-element-populated\">\n\t\t\t\t\t\t<div class=\"elementor-element elementor-element-369c1f1e elementor-widget elementor-widget-bauen-title\" data-id=\"369c1f1e\" data-element_type=\"widget\" data-widget_type=\"bauen-title.default\">\n\t\t\t\t<div class=\"elementor-widget-container\">\n\t\t\t\t\t\t\t\n\t\t\t\t\t\t\t\t<h2 class=\"section-title2 text-left\">FIELD EXPERIENCE<\/h2>\n\t\t\t\t\t\t\t\t\t\t\t\n\t\t\n\t\t\t\n        \t\t\t\t<\/div>\n\t\t\t\t<\/div>\n\t\t\t\t<div class=\"elementor-element elementor-element-5c068240 elementor-widget elementor-widget-bauen-text\" data-id=\"5c068240\" data-element_type=\"widget\" data-widget_type=\"bauen-text.default\">\n\t\t\t\t<div class=\"elementor-widget-container\">\n\t\t\t\t\t\t\t<div class=\"bn-text-block clear \">\n\t\t<p>A multitude of projects executed in collaboration with diverse teams over the years has shaped our current perspective and production discipline. These experiences\u2014spanning design, construction, and project management\u2014have strengthened both our creative decision-making and our on-site implementation capabilities.<\/p><p>In this section, we provide a concise overview of the significant projects that have marked our journey in the industry. At Beck Architecture, we take ownership not only of our own productions but also of the past contributions of our team, delivering services to clients backed by substantial expertise. For those interested in the projects we have been involved in, this section offers a narrative tracing our path from past to present.<\/p>\t\t<\/div>\n\t\t\t\t\t\t<\/div>\n\t\t\t\t<\/div>\n\t\t\t\t\t<\/div>\n\t\t<\/div>\n\t\t\t\t\t<\/div>\n\t\t<\/div>\n\t\t\t\t<div class=\"elementor-section elementor-inner-section elementor-element elementor-element-bd87e95 elementor-section-full_width elementor-section-height-default elementor-section-height-default\" data-id=\"bd87e95\" data-element_type=\"section\">\n\t\t\t\t\t\t<div class=\"elementor-container elementor-column-gap-narrow\">\n\t\t\t\t\t<div class=\"elementor-column elementor-col-100 elementor-inner-column elementor-element elementor-element-1bea1e37\" data-id=\"1bea1e37\" data-element_type=\"column\">\n\t\t\t<div class=\"elementor-widget-wrap elementor-element-populated\">\n\t\t\t\t\t\t<div class=\"elementor-element elementor-element-1da91a66 elementor-widget elementor-widget-bauen-single-img-video\" data-id=\"1da91a66\" data-element_type=\"widget\" data-widget_type=\"bauen-single-img-video.default\">\n\t\t\t\t<div class=\"elementor-widget-container\">\n\t\t\t\t\t\t\t\n\t\t\n\t\t\t\n\t\t\t\t\t\t    \t\t\t\t\n\t\t\t\t\t<div class=\"sec-gallery gallery-item\">\n\t\t\t\t\t\t\n\t\t\t\t\t\t<a href=\"https:\/\/beckmimarlik.com\/wp-content\/uploads\/2021\/10\/7.jpg\" title=\"\" class=\"img-zoom-gallery\">\n\t\t\t\t\t\t\t<div class=\"gallery-box\">\n\t\t\t\t\t\t\t\t<div class=\"gallery-img\"> <img fetchpriority=\"high\" decoding=\"async\" width=\"1600\" height=\"1068\" src=\"https:\/\/beckmimarlik.com\/wp-content\/uploads\/2021\/10\/7.jpg\" class=\"attachment-full size-full wp-image-186\" alt=\"\" srcset=\"https:\/\/beckmimarlik.com\/wp-content\/uploads\/2021\/10\/7.jpg 1600w, https:\/\/beckmimarlik.com\/wp-content\/uploads\/2021\/10\/7-300x200.jpg 300w, https:\/\/beckmimarlik.com\/wp-content\/uploads\/2021\/10\/7-1024x684.jpg 1024w, https:\/\/beckmimarlik.com\/wp-content\/uploads\/2021\/10\/7-768x513.jpg 768w, https:\/\/beckmimarlik.com\/wp-content\/uploads\/2021\/10\/7-1536x1025.jpg 1536w\" sizes=\"(max-width: 1600px) 100vw, 1600px\" \/> <\/div>\n\t\t\t\t\t\t\t<\/div>\t\t\t\t\t\t\t\t\t\n\t\t\t\t\t\t<\/a>\n\t\t\t\t\t\t\n\t\t\t\t\t<\/div>\n\t\t\t    \t\n\t\t\t\t\t\t<\/div>\n\t\t\t\t<\/div>\n\t\t\t\t\t<\/div>\n\t\t<\/div>\n\t\t\t\t\t<\/div>\n\t\t<\/div>\n\t\t\t\t\t<\/div>\n\t\t<\/div>\n\t\t\t\t\t<\/div>\n\t\t<\/section>\n\t\t\t\t<\/div>\n\t\t","protected":false},"excerpt":{"rendered":"<p>FIELD EXPERIENCE A multitude of projects executed in collaboration with diverse teams over the years has shaped our current perspective and production discipline. These experiences\u2014spanning design, construction, and project management\u2014have strengthened both our creative decision-making and our on-site implementation capabilities. In this section, we provide a concise overview of the significant projects that have marked our journey in the industry&#8230;.<\/p>\n","protected":false},"author":1,"featured_media":0,"parent":2821,"menu_order":0,"comment_status":"closed","ping_status":"closed","template":"","meta":{"footnotes":"","_links_to":"","_links_to_target":""},"class_list":["post-2874","page","type-page","status-publish","hentry"],"yoast_head":"<!-- This site is optimized with the Yoast SEO plugin v26.3 - https:\/\/yoast.com\/wordpress\/plugins\/seo\/ -->\n<title>Field Experience - Beck Mimarl\u0131k<\/title>\n<meta name=\"robots\" content=\"index, follow, max-snippet:-1, max-image-preview:large, max-video-preview:-1\" \/>\n<link rel=\"canonical\" href=\"https:\/\/beckmimarlik.com\/en\/services\/field-experience\/\" \/>\n<meta property=\"og:locale\" content=\"en_US\" \/>\n<meta property=\"og:type\" content=\"article\" \/>\n<meta property=\"og:title\" content=\"Field Experience - Beck Mimarl\u0131k\" \/>\n<meta property=\"og:description\" content=\"FIELD EXPERIENCE A multitude of projects executed in collaboration with diverse teams over the years has shaped our current perspective and production discipline. These experiences\u2014spanning design, construction, and project management\u2014have strengthened both our creative decision-making and our on-site implementation capabilities. In this section, we provide a concise overview of the significant projects that have marked our journey in the industry....\" \/>\n<meta property=\"og:url\" content=\"https:\/\/beckmimarlik.com\/en\/services\/field-experience\/\" \/>\n<meta property=\"og:site_name\" content=\"Beck Mimarl\u0131k\" \/>\n<meta property=\"article:modified_time\" content=\"2025-11-16T16:46:16+00:00\" \/>\n<meta property=\"og:image\" content=\"https:\/\/beckmimarlik.com\/wp-content\/uploads\/2021\/10\/7.jpg\" \/>\n\t<meta property=\"og:image:width\" content=\"1600\" \/>\n\t<meta property=\"og:image:height\" content=\"1068\" \/>\n\t<meta property=\"og:image:type\" content=\"image\/jpeg\" \/>\n<meta name=\"twitter:card\" content=\"summary_large_image\" \/>\n<meta name=\"twitter:label1\" content=\"Est. reading time\" \/>\n\t<meta name=\"twitter:data1\" content=\"1 minute\" \/>\n<script type=\"application\/ld+json\" class=\"yoast-schema-graph\">{\"@context\":\"https:\/\/schema.org\",\"@graph\":[{\"@type\":\"WebPage\",\"@id\":\"https:\/\/beckmimarlik.com\/en\/services\/field-experience\/\",\"url\":\"https:\/\/beckmimarlik.com\/en\/services\/field-experience\/\",\"name\":\"Field Experience - Beck Mimarl\u0131k\",\"isPartOf\":{\"@id\":\"https:\/\/beckmimarlik.com\/#website\"},\"primaryImageOfPage\":{\"@id\":\"https:\/\/beckmimarlik.com\/en\/services\/field-experience\/#primaryimage\"},\"image\":{\"@id\":\"https:\/\/beckmimarlik.com\/en\/services\/field-experience\/#primaryimage\"},\"thumbnailUrl\":\"https:\/\/beckmimarlik.com\/wp-content\/uploads\/2021\/10\/7.jpg\",\"datePublished\":\"2021-10-04T01:22:21+00:00\",\"dateModified\":\"2025-11-16T16:46:16+00:00\",\"breadcrumb\":{\"@id\":\"https:\/\/beckmimarlik.com\/en\/services\/field-experience\/#breadcrumb\"},\"inLanguage\":\"en-US\",\"potentialAction\":[{\"@type\":\"ReadAction\",\"target\":[\"https:\/\/beckmimarlik.com\/en\/services\/field-experience\/\"]}]},{\"@type\":\"ImageObject\",\"inLanguage\":\"en-US\",\"@id\":\"https:\/\/beckmimarlik.com\/en\/services\/field-experience\/#primaryimage\",\"url\":\"https:\/\/beckmimarlik.com\/wp-content\/uploads\/2021\/10\/7.jpg\",\"contentUrl\":\"https:\/\/beckmimarlik.com\/wp-content\/uploads\/2021\/10\/7.jpg\"},{\"@type\":\"BreadcrumbList\",\"@id\":\"https:\/\/beckmimarlik.com\/en\/services\/field-experience\/#breadcrumb\",\"itemListElement\":[{\"@type\":\"ListItem\",\"position\":1,\"name\":\"Anasayfa\",\"item\":\"https:\/\/beckmimarlik.com\/en\/intro\/\"},{\"@type\":\"ListItem\",\"position\":2,\"name\":\"Services\",\"item\":\"https:\/\/beckmimarlik.com\/en\/services\/\"},{\"@type\":\"ListItem\",\"position\":3,\"name\":\"Field Experience\"}]},{\"@type\":\"WebSite\",\"@id\":\"https:\/\/beckmimarlik.com\/#website\",\"url\":\"https:\/\/beckmimarlik.com\/\",\"name\":\"Beck Mimarl\u0131k\",\"description\":\"Benzersiz estetik anlay\u0131\u015f\u0131 ile cesur konseptleri hayata ge\u00e7iriyoruz\",\"publisher\":{\"@id\":\"https:\/\/beckmimarlik.com\/#organization\"},\"potentialAction\":[{\"@type\":\"SearchAction\",\"target\":{\"@type\":\"EntryPoint\",\"urlTemplate\":\"https:\/\/beckmimarlik.com\/?s={search_term_string}\"},\"query-input\":{\"@type\":\"PropertyValueSpecification\",\"valueRequired\":true,\"valueName\":\"search_term_string\"}}],\"inLanguage\":\"en-US\"},{\"@type\":\"Organization\",\"@id\":\"https:\/\/beckmimarlik.com\/#organization\",\"name\":\"Beck Mimarl\u0131k\",\"url\":\"https:\/\/beckmimarlik.com\/\",\"logo\":{\"@type\":\"ImageObject\",\"inLanguage\":\"en-US\",\"@id\":\"https:\/\/beckmimarlik.com\/#\/schema\/logo\/image\/\",\"url\":\"https:\/\/beckmimarlik.com\/wp-content\/uploads\/2025\/08\/logo.png\",\"contentUrl\":\"https:\/\/beckmimarlik.com\/wp-content\/uploads\/2025\/08\/logo.png\",\"width\":1080,\"height\":1080,\"caption\":\"Beck Mimarl\u0131k\"},\"image\":{\"@id\":\"https:\/\/beckmimarlik.com\/#\/schema\/logo\/image\/\"},\"sameAs\":[\"https:\/\/www.instagram.com\/beckmimarlik\/\",\"https:\/\/www.linkedin.com\/company\/beck-mi-marlik\"]}]}<\/script>\n<!-- \/ Yoast SEO plugin. -->","yoast_head_json":{"title":"Field Experience - Beck Mimarl\u0131k","robots":{"index":"index","follow":"follow","max-snippet":"max-snippet:-1","max-image-preview":"max-image-preview:large","max-video-preview":"max-video-preview:-1"},"canonical":"https:\/\/beckmimarlik.com\/en\/services\/field-experience\/","og_locale":"en_US","og_type":"article","og_title":"Field Experience - Beck Mimarl\u0131k","og_description":"FIELD EXPERIENCE A multitude of projects executed in collaboration with diverse teams over the years has shaped our current perspective and production discipline. These experiences\u2014spanning design, construction, and project management\u2014have strengthened both our creative decision-making and our on-site implementation capabilities. In this section, we provide a concise overview of the significant projects that have marked our journey in the industry....","og_url":"https:\/\/beckmimarlik.com\/en\/services\/field-experience\/","og_site_name":"Beck Mimarl\u0131k","article_modified_time":"2025-11-16T16:46:16+00:00","og_image":[{"width":1600,"height":1068,"url":"https:\/\/beckmimarlik.com\/wp-content\/uploads\/2021\/10\/7.jpg","type":"image\/jpeg"}],"twitter_card":"summary_large_image","twitter_misc":{"Est. reading time":"1 minute"},"schema":{"@context":"https:\/\/schema.org","@graph":[{"@type":"WebPage","@id":"https:\/\/beckmimarlik.com\/en\/services\/field-experience\/","url":"https:\/\/beckmimarlik.com\/en\/services\/field-experience\/","name":"Field Experience - Beck Mimarl\u0131k","isPartOf":{"@id":"https:\/\/beckmimarlik.com\/#website"},"primaryImageOfPage":{"@id":"https:\/\/beckmimarlik.com\/en\/services\/field-experience\/#primaryimage"},"image":{"@id":"https:\/\/beckmimarlik.com\/en\/services\/field-experience\/#primaryimage"},"thumbnailUrl":"https:\/\/beckmimarlik.com\/wp-content\/uploads\/2021\/10\/7.jpg","datePublished":"2021-10-04T01:22:21+00:00","dateModified":"2025-11-16T16:46:16+00:00","breadcrumb":{"@id":"https:\/\/beckmimarlik.com\/en\/services\/field-experience\/#breadcrumb"},"inLanguage":"en-US","potentialAction":[{"@type":"ReadAction","target":["https:\/\/beckmimarlik.com\/en\/services\/field-experience\/"]}]},{"@type":"ImageObject","inLanguage":"en-US","@id":"https:\/\/beckmimarlik.com\/en\/services\/field-experience\/#primaryimage","url":"https:\/\/beckmimarlik.com\/wp-content\/uploads\/2021\/10\/7.jpg","contentUrl":"https:\/\/beckmimarlik.com\/wp-content\/uploads\/2021\/10\/7.jpg"},{"@type":"BreadcrumbList","@id":"https:\/\/beckmimarlik.com\/en\/services\/field-experience\/#breadcrumb","itemListElement":[{"@type":"ListItem","position":1,"name":"Anasayfa","item":"https:\/\/beckmimarlik.com\/en\/intro\/"},{"@type":"ListItem","position":2,"name":"Services","item":"https:\/\/beckmimarlik.com\/en\/services\/"},{"@type":"ListItem","position":3,"name":"Field Experience"}]},{"@type":"WebSite","@id":"https:\/\/beckmimarlik.com\/#website","url":"https:\/\/beckmimarlik.com\/","name":"Beck Mimarl\u0131k","description":"Benzersiz estetik anlay\u0131\u015f\u0131 ile cesur konseptleri hayata ge\u00e7iriyoruz","publisher":{"@id":"https:\/\/beckmimarlik.com\/#organization"},"potentialAction":[{"@type":"SearchAction","target":{"@type":"EntryPoint","urlTemplate":"https:\/\/beckmimarlik.com\/?s={search_term_string}"},"query-input":{"@type":"PropertyValueSpecification","valueRequired":true,"valueName":"search_term_string"}}],"inLanguage":"en-US"},{"@type":"Organization","@id":"https:\/\/beckmimarlik.com\/#organization","name":"Beck Mimarl\u0131k","url":"https:\/\/beckmimarlik.com\/","logo":{"@type":"ImageObject","inLanguage":"en-US","@id":"https:\/\/beckmimarlik.com\/#\/schema\/logo\/image\/","url":"https:\/\/beckmimarlik.com\/wp-content\/uploads\/2025\/08\/logo.png","contentUrl":"https:\/\/beckmimarlik.com\/wp-content\/uploads\/2025\/08\/logo.png","width":1080,"height":1080,"caption":"Beck Mimarl\u0131k"},"image":{"@id":"https:\/\/beckmimarlik.com\/#\/schema\/logo\/image\/"},"sameAs":["https:\/\/www.instagram.com\/beckmimarlik\/","https:\/\/www.linkedin.com\/company\/beck-mi-marlik"]}]}},"_links":{"self":[{"href":"https:\/\/beckmimarlik.com\/en\/wp-json\/wp\/v2\/pages\/2874","targetHints":{"allow":["GET"]}}],"collection":[{"href":"https:\/\/beckmimarlik.com\/en\/wp-json\/wp\/v2\/pages"}],"about":[{"href":"https:\/\/beckmimarlik.com\/en\/wp-json\/wp\/v2\/types\/page"}],"author":[{"embeddable":true,"href":"https:\/\/beckmimarlik.com\/en\/wp-json\/wp\/v2\/users\/1"}],"replies":[{"embeddable":true,"href":"https:\/\/beckmimarlik.com\/en\/wp-json\/wp\/v2\/comments?post=2874"}],"version-history":[{"count":5,"href":"https:\/\/beckmimarlik.com\/en\/wp-json\/wp\/v2\/pages\/2874\/revisions"}],"predecessor-version":[{"id":2886,"href":"https:\/\/beckmimarlik.com\/en\/wp-json\/wp\/v2\/pages\/2874\/revisions\/2886"}],"up":[{"embeddable":true,"href":"https:\/\/beckmimarlik.com\/en\/wp-json\/wp\/v2\/pages\/2821"}],"wp:attachment":[{"href":"https:\/\/beckmimarlik.com\/en\/wp-json\/wp\/v2\/media?parent=2874"}],"curies":[{"name":"wp","href":"https:\/\/api.w.org\/{rel}","templated":true}]}}