{"id":2861,"date":"2021-10-04T04:20:27","date_gmt":"2021-10-04T01:20:27","guid":{"rendered":"https:\/\/beckmimarlik.com\/services\/uygulama-ve-danismanlik\/"},"modified":"2025-11-16T19:44:02","modified_gmt":"2025-11-16T16:44:02","slug":"construction-and-consultancy","status":"publish","type":"page","link":"https:\/\/beckmimarlik.com\/en\/services\/construction-and-consultancy\/","title":{"rendered":"Construction and Consultancy"},"content":{"rendered":"\t\t<div data-elementor-type=\"wp-page\" data-elementor-id=\"2861\" class=\"elementor elementor-2861\">\n\t\t\t\t\t\t<section class=\"elementor-section elementor-top-section elementor-element elementor-element-33ac4f2b elementor-section-full_width elementor-section-height-default elementor-section-height-default\" data-id=\"33ac4f2b\" data-element_type=\"section\">\n\t\t\t\t\t\t<div class=\"elementor-container elementor-column-gap-no\">\n\t\t\t\t\t<div class=\"elementor-column elementor-col-100 elementor-top-column elementor-element elementor-element-13564f2d\" data-id=\"13564f2d\" data-element_type=\"column\">\n\t\t\t<div class=\"elementor-widget-wrap elementor-element-populated\">\n\t\t\t\t\t\t<div class=\"elementor-section elementor-inner-section elementor-element elementor-element-41ce06dd elementor-section-full_width elementor-section-height-default elementor-section-height-default\" data-id=\"41ce06dd\" data-element_type=\"section\">\n\t\t\t\t\t\t<div class=\"elementor-container elementor-column-gap-default\">\n\t\t\t\t\t<div class=\"elementor-column elementor-col-100 elementor-inner-column elementor-element elementor-element-61477467\" data-id=\"61477467\" data-element_type=\"column\">\n\t\t\t<div class=\"elementor-widget-wrap elementor-element-populated\">\n\t\t\t\t\t\t<div class=\"elementor-element elementor-element-792916c5 elementor-widget elementor-widget-bauen-title\" data-id=\"792916c5\" data-element_type=\"widget\" data-widget_type=\"bauen-title.default\">\n\t\t\t\t<div class=\"elementor-widget-container\">\n\t\t\t\t\t\t\t\n\t\t\t\t\t\t\t\t<h2 class=\"section-title2 text-left\">CONSTRUCTION AND CONSULTANCY<\/h2>\n\t\t\t\t\t\t\t\t\t\t\t\n\t\t\n\t\t\t\n        \t\t\t\t<\/div>\n\t\t\t\t<\/div>\n\t\t\t\t\t<\/div>\n\t\t<\/div>\n\t\t\t\t\t<\/div>\n\t\t<\/div>\n\t\t\t\t<div class=\"elementor-section elementor-inner-section elementor-element elementor-element-4b3046c2 elementor-section-full_width elementor-section-height-default elementor-section-height-default\" data-id=\"4b3046c2\" data-element_type=\"section\">\n\t\t\t\t\t\t<div class=\"elementor-container elementor-column-gap-narrow\">\n\t\t\t\t\t<div class=\"elementor-column elementor-col-100 elementor-inner-column elementor-element elementor-element-67890f30\" data-id=\"67890f30\" data-element_type=\"column\">\n\t\t\t<div class=\"elementor-widget-wrap elementor-element-populated\">\n\t\t\t\t\t\t<div class=\"elementor-element elementor-element-2fe4dbdf elementor-widget elementor-widget-bauen-text\" data-id=\"2fe4dbdf\" data-element_type=\"widget\" data-widget_type=\"bauen-text.default\">\n\t\t\t\t<div class=\"elementor-widget-container\">\n\t\t\t\t\t\t\t<div class=\"bn-text-block clear \">\n\t\t<p>Beck Architecture believes that the true realization of a design on site is only possible through precise and expertly executed construction. For this reason, the implementation phase is considered an integral part of the project and approached holistically. In bringing architectural and interior design projects to life, Beck Architecture collaborates with highly experienced construction teams across various scales, developing a tailored execution strategy for each project.<\/p><p>The process begins with a project timeline, budget control mechanisms, and quality standards established according to the client\u2019s priorities. At every stage, Beck Architecture operates within the framework of rigorous project management principles, actively overseeing:<\/p><ul><li>Work program scheduling,<\/li><li>Resource and procurement management,<\/li><li>On-site coordination,<\/li><li>Progress monitoring and payment reporting,<\/li><li>Tracking of technical details during execution.<\/li><\/ul><p>The preparation of technical specifications, material analyses, fabrication control, on-site problem- solving, and technical coordination with contractors are meticulously managed by Beck Architecture. Additionally, any revisions required during the construction phase are addressed promptly and accurately to ensure uninterrupted progress.<\/p><p>In construction and consultancy, Beck Architecture acts not merely as a supervisor, but as a professional partner that translates design into reality, manages its execution, and fully owns the quality and integrity of the project on site.<\/p>\t\t<\/div>\n\t\t\t\t\t\t<\/div>\n\t\t\t\t<\/div>\n\t\t\t\t<div class=\"elementor-element elementor-element-4ab533ce elementor-widget elementor-widget-bauen-single-img-video\" data-id=\"4ab533ce\" data-element_type=\"widget\" data-widget_type=\"bauen-single-img-video.default\">\n\t\t\t\t<div class=\"elementor-widget-container\">\n\t\t\t\t\t\t\t\n\t\t\n\t\t\t\n\t\t\t\t\t\t    \t\t\t\t\n\t\t\t\t\t<div class=\"sec-gallery gallery-item\">\n\t\t\t\t\t\t\n\t\t\t\t\t\t<a href=\"https:\/\/beckmimarlik.com\/wp-content\/uploads\/2025\/09\/danismanlik.png\" title=\"\" class=\"img-zoom-gallery\">\n\t\t\t\t\t\t\t<div class=\"gallery-box\">\n\t\t\t\t\t\t\t\t<div class=\"gallery-img\"> <img fetchpriority=\"high\" decoding=\"async\" width=\"1200\" height=\"848\" src=\"https:\/\/beckmimarlik.com\/wp-content\/uploads\/2025\/09\/danismanlik.png\" class=\"attachment-full size-full wp-image-2515\" alt=\"\" srcset=\"https:\/\/beckmimarlik.com\/wp-content\/uploads\/2025\/09\/danismanlik.png 1200w, https:\/\/beckmimarlik.com\/wp-content\/uploads\/2025\/09\/danismanlik-300x212.png 300w, https:\/\/beckmimarlik.com\/wp-content\/uploads\/2025\/09\/danismanlik-1024x724.png 1024w, https:\/\/beckmimarlik.com\/wp-content\/uploads\/2025\/09\/danismanlik-768x543.png 768w\" sizes=\"(max-width: 1200px) 100vw, 1200px\" \/> <\/div>\n\t\t\t\t\t\t\t<\/div>\t\t\t\t\t\t\t\t\t\n\t\t\t\t\t\t<\/a>\n\t\t\t\t\t\t\n\t\t\t\t\t<\/div>\n\t\t\t    \t\n\t\t\t\t\t\t<\/div>\n\t\t\t\t<\/div>\n\t\t\t\t\t<\/div>\n\t\t<\/div>\n\t\t\t\t\t<\/div>\n\t\t<\/div>\n\t\t\t\t\t<\/div>\n\t\t<\/div>\n\t\t\t\t\t<\/div>\n\t\t<\/section>\n\t\t\t\t<\/div>\n\t\t","protected":false},"excerpt":{"rendered":"<p>CONSTRUCTION AND CONSULTANCY Beck Architecture believes that the true realization of a design on site is only possible through precise and expertly executed construction. For this reason, the implementation phase is considered an integral part of the project and approached holistically. In bringing architectural and interior design projects to life, Beck Architecture collaborates with highly experienced construction teams across various&#8230;<\/p>\n","protected":false},"author":1,"featured_media":0,"parent":2821,"menu_order":0,"comment_status":"closed","ping_status":"closed","template":"","meta":{"footnotes":"","_links_to":"","_links_to_target":""},"class_list":["post-2861","page","type-page","status-publish","hentry"],"yoast_head":"<!-- This site is optimized with the Yoast SEO plugin v26.3 - https:\/\/yoast.com\/wordpress\/plugins\/seo\/ -->\n<title>Construction and Consultancy - Beck Mimarl\u0131k<\/title>\n<meta name=\"robots\" content=\"index, follow, max-snippet:-1, max-image-preview:large, max-video-preview:-1\" \/>\n<link rel=\"canonical\" href=\"https:\/\/beckmimarlik.com\/en\/services\/construction-and-consultancy\/\" \/>\n<meta property=\"og:locale\" content=\"en_US\" \/>\n<meta property=\"og:type\" content=\"article\" \/>\n<meta property=\"og:title\" content=\"Construction and Consultancy - Beck Mimarl\u0131k\" \/>\n<meta property=\"og:description\" content=\"CONSTRUCTION AND CONSULTANCY Beck Architecture believes that the true realization of a design on site is only possible through precise and expertly executed construction. For this reason, the implementation phase is considered an integral part of the project and approached holistically. In bringing architectural and interior design projects to life, Beck Architecture collaborates with highly experienced construction teams across various...\" \/>\n<meta property=\"og:url\" content=\"https:\/\/beckmimarlik.com\/en\/services\/construction-and-consultancy\/\" \/>\n<meta property=\"og:site_name\" content=\"Beck Mimarl\u0131k\" \/>\n<meta property=\"article:modified_time\" content=\"2025-11-16T16:44:02+00:00\" \/>\n<meta property=\"og:image\" content=\"https:\/\/beckmimarlik.com\/wp-content\/uploads\/2025\/09\/danismanlik.png\" \/>\n<meta name=\"twitter:card\" content=\"summary_large_image\" \/>\n<meta name=\"twitter:label1\" content=\"Est. reading time\" \/>\n\t<meta name=\"twitter:data1\" content=\"2 minutes\" \/>\n<script type=\"application\/ld+json\" class=\"yoast-schema-graph\">{\"@context\":\"https:\/\/schema.org\",\"@graph\":[{\"@type\":\"WebPage\",\"@id\":\"https:\/\/beckmimarlik.com\/en\/services\/construction-and-consultancy\/\",\"url\":\"https:\/\/beckmimarlik.com\/en\/services\/construction-and-consultancy\/\",\"name\":\"Construction and Consultancy - Beck Mimarl\u0131k\",\"isPartOf\":{\"@id\":\"https:\/\/beckmimarlik.com\/#website\"},\"primaryImageOfPage\":{\"@id\":\"https:\/\/beckmimarlik.com\/en\/services\/construction-and-consultancy\/#primaryimage\"},\"image\":{\"@id\":\"https:\/\/beckmimarlik.com\/en\/services\/construction-and-consultancy\/#primaryimage\"},\"thumbnailUrl\":\"https:\/\/beckmimarlik.com\/wp-content\/uploads\/2025\/09\/danismanlik.png\",\"datePublished\":\"2021-10-04T01:20:27+00:00\",\"dateModified\":\"2025-11-16T16:44:02+00:00\",\"breadcrumb\":{\"@id\":\"https:\/\/beckmimarlik.com\/en\/services\/construction-and-consultancy\/#breadcrumb\"},\"inLanguage\":\"en-US\",\"potentialAction\":[{\"@type\":\"ReadAction\",\"target\":[\"https:\/\/beckmimarlik.com\/en\/services\/construction-and-consultancy\/\"]}]},{\"@type\":\"ImageObject\",\"inLanguage\":\"en-US\",\"@id\":\"https:\/\/beckmimarlik.com\/en\/services\/construction-and-consultancy\/#primaryimage\",\"url\":\"https:\/\/beckmimarlik.com\/wp-content\/uploads\/2025\/09\/danismanlik.png\",\"contentUrl\":\"https:\/\/beckmimarlik.com\/wp-content\/uploads\/2025\/09\/danismanlik.png\"},{\"@type\":\"BreadcrumbList\",\"@id\":\"https:\/\/beckmimarlik.com\/en\/services\/construction-and-consultancy\/#breadcrumb\",\"itemListElement\":[{\"@type\":\"ListItem\",\"position\":1,\"name\":\"Anasayfa\",\"item\":\"https:\/\/beckmimarlik.com\/en\/intro\/\"},{\"@type\":\"ListItem\",\"position\":2,\"name\":\"Services\",\"item\":\"https:\/\/beckmimarlik.com\/en\/services\/\"},{\"@type\":\"ListItem\",\"position\":3,\"name\":\"Construction and Consultancy\"}]},{\"@type\":\"WebSite\",\"@id\":\"https:\/\/beckmimarlik.com\/#website\",\"url\":\"https:\/\/beckmimarlik.com\/\",\"name\":\"Beck Mimarl\u0131k\",\"description\":\"Benzersiz estetik anlay\u0131\u015f\u0131 ile cesur konseptleri hayata ge\u00e7iriyoruz\",\"publisher\":{\"@id\":\"https:\/\/beckmimarlik.com\/#organization\"},\"potentialAction\":[{\"@type\":\"SearchAction\",\"target\":{\"@type\":\"EntryPoint\",\"urlTemplate\":\"https:\/\/beckmimarlik.com\/?s={search_term_string}\"},\"query-input\":{\"@type\":\"PropertyValueSpecification\",\"valueRequired\":true,\"valueName\":\"search_term_string\"}}],\"inLanguage\":\"en-US\"},{\"@type\":\"Organization\",\"@id\":\"https:\/\/beckmimarlik.com\/#organization\",\"name\":\"Beck Mimarl\u0131k\",\"url\":\"https:\/\/beckmimarlik.com\/\",\"logo\":{\"@type\":\"ImageObject\",\"inLanguage\":\"en-US\",\"@id\":\"https:\/\/beckmimarlik.com\/#\/schema\/logo\/image\/\",\"url\":\"https:\/\/beckmimarlik.com\/wp-content\/uploads\/2025\/08\/logo.png\",\"contentUrl\":\"https:\/\/beckmimarlik.com\/wp-content\/uploads\/2025\/08\/logo.png\",\"width\":1080,\"height\":1080,\"caption\":\"Beck Mimarl\u0131k\"},\"image\":{\"@id\":\"https:\/\/beckmimarlik.com\/#\/schema\/logo\/image\/\"},\"sameAs\":[\"https:\/\/www.instagram.com\/beckmimarlik\/\",\"https:\/\/www.linkedin.com\/company\/beck-mi-marlik\"]}]}<\/script>\n<!-- \/ Yoast SEO plugin. -->","yoast_head_json":{"title":"Construction and Consultancy - Beck Mimarl\u0131k","robots":{"index":"index","follow":"follow","max-snippet":"max-snippet:-1","max-image-preview":"max-image-preview:large","max-video-preview":"max-video-preview:-1"},"canonical":"https:\/\/beckmimarlik.com\/en\/services\/construction-and-consultancy\/","og_locale":"en_US","og_type":"article","og_title":"Construction and Consultancy - Beck Mimarl\u0131k","og_description":"CONSTRUCTION AND CONSULTANCY Beck Architecture believes that the true realization of a design on site is only possible through precise and expertly executed construction. For this reason, the implementation phase is considered an integral part of the project and approached holistically. In bringing architectural and interior design projects to life, Beck Architecture collaborates with highly experienced construction teams across various...","og_url":"https:\/\/beckmimarlik.com\/en\/services\/construction-and-consultancy\/","og_site_name":"Beck Mimarl\u0131k","article_modified_time":"2025-11-16T16:44:02+00:00","og_image":[{"url":"https:\/\/beckmimarlik.com\/wp-content\/uploads\/2025\/09\/danismanlik.png","type":"","width":"","height":""}],"twitter_card":"summary_large_image","twitter_misc":{"Est. reading time":"2 minutes"},"schema":{"@context":"https:\/\/schema.org","@graph":[{"@type":"WebPage","@id":"https:\/\/beckmimarlik.com\/en\/services\/construction-and-consultancy\/","url":"https:\/\/beckmimarlik.com\/en\/services\/construction-and-consultancy\/","name":"Construction and Consultancy - Beck Mimarl\u0131k","isPartOf":{"@id":"https:\/\/beckmimarlik.com\/#website"},"primaryImageOfPage":{"@id":"https:\/\/beckmimarlik.com\/en\/services\/construction-and-consultancy\/#primaryimage"},"image":{"@id":"https:\/\/beckmimarlik.com\/en\/services\/construction-and-consultancy\/#primaryimage"},"thumbnailUrl":"https:\/\/beckmimarlik.com\/wp-content\/uploads\/2025\/09\/danismanlik.png","datePublished":"2021-10-04T01:20:27+00:00","dateModified":"2025-11-16T16:44:02+00:00","breadcrumb":{"@id":"https:\/\/beckmimarlik.com\/en\/services\/construction-and-consultancy\/#breadcrumb"},"inLanguage":"en-US","potentialAction":[{"@type":"ReadAction","target":["https:\/\/beckmimarlik.com\/en\/services\/construction-and-consultancy\/"]}]},{"@type":"ImageObject","inLanguage":"en-US","@id":"https:\/\/beckmimarlik.com\/en\/services\/construction-and-consultancy\/#primaryimage","url":"https:\/\/beckmimarlik.com\/wp-content\/uploads\/2025\/09\/danismanlik.png","contentUrl":"https:\/\/beckmimarlik.com\/wp-content\/uploads\/2025\/09\/danismanlik.png"},{"@type":"BreadcrumbList","@id":"https:\/\/beckmimarlik.com\/en\/services\/construction-and-consultancy\/#breadcrumb","itemListElement":[{"@type":"ListItem","position":1,"name":"Anasayfa","item":"https:\/\/beckmimarlik.com\/en\/intro\/"},{"@type":"ListItem","position":2,"name":"Services","item":"https:\/\/beckmimarlik.com\/en\/services\/"},{"@type":"ListItem","position":3,"name":"Construction and Consultancy"}]},{"@type":"WebSite","@id":"https:\/\/beckmimarlik.com\/#website","url":"https:\/\/beckmimarlik.com\/","name":"Beck Mimarl\u0131k","description":"Benzersiz estetik anlay\u0131\u015f\u0131 ile cesur konseptleri hayata ge\u00e7iriyoruz","publisher":{"@id":"https:\/\/beckmimarlik.com\/#organization"},"potentialAction":[{"@type":"SearchAction","target":{"@type":"EntryPoint","urlTemplate":"https:\/\/beckmimarlik.com\/?s={search_term_string}"},"query-input":{"@type":"PropertyValueSpecification","valueRequired":true,"valueName":"search_term_string"}}],"inLanguage":"en-US"},{"@type":"Organization","@id":"https:\/\/beckmimarlik.com\/#organization","name":"Beck Mimarl\u0131k","url":"https:\/\/beckmimarlik.com\/","logo":{"@type":"ImageObject","inLanguage":"en-US","@id":"https:\/\/beckmimarlik.com\/#\/schema\/logo\/image\/","url":"https:\/\/beckmimarlik.com\/wp-content\/uploads\/2025\/08\/logo.png","contentUrl":"https:\/\/beckmimarlik.com\/wp-content\/uploads\/2025\/08\/logo.png","width":1080,"height":1080,"caption":"Beck Mimarl\u0131k"},"image":{"@id":"https:\/\/beckmimarlik.com\/#\/schema\/logo\/image\/"},"sameAs":["https:\/\/www.instagram.com\/beckmimarlik\/","https:\/\/www.linkedin.com\/company\/beck-mi-marlik"]}]}},"_links":{"self":[{"href":"https:\/\/beckmimarlik.com\/en\/wp-json\/wp\/v2\/pages\/2861","targetHints":{"allow":["GET"]}}],"collection":[{"href":"https:\/\/beckmimarlik.com\/en\/wp-json\/wp\/v2\/pages"}],"about":[{"href":"https:\/\/beckmimarlik.com\/en\/wp-json\/wp\/v2\/types\/page"}],"author":[{"embeddable":true,"href":"https:\/\/beckmimarlik.com\/en\/wp-json\/wp\/v2\/users\/1"}],"replies":[{"embeddable":true,"href":"https:\/\/beckmimarlik.com\/en\/wp-json\/wp\/v2\/comments?post=2861"}],"version-history":[{"count":7,"href":"https:\/\/beckmimarlik.com\/en\/wp-json\/wp\/v2\/pages\/2861\/revisions"}],"predecessor-version":[{"id":2880,"href":"https:\/\/beckmimarlik.com\/en\/wp-json\/wp\/v2\/pages\/2861\/revisions\/2880"}],"up":[{"embeddable":true,"href":"https:\/\/beckmimarlik.com\/en\/wp-json\/wp\/v2\/pages\/2821"}],"wp:attachment":[{"href":"https:\/\/beckmimarlik.com\/en\/wp-json\/wp\/v2\/media?parent=2861"}],"curies":[{"name":"wp","href":"https:\/\/api.w.org\/{rel}","templated":true}]}}