{"id":2855,"date":"2021-10-04T04:14:55","date_gmt":"2021-10-04T01:14:55","guid":{"rendered":"https:\/\/beckmimarlik.com\/services\/ic-mimari\/"},"modified":"2025-11-16T19:43:40","modified_gmt":"2025-11-16T16:43:40","slug":"interior-design","status":"publish","type":"page","link":"https:\/\/beckmimarlik.com\/en\/services\/interior-design\/","title":{"rendered":"Interior Design"},"content":{"rendered":"\t\t<div data-elementor-type=\"wp-page\" data-elementor-id=\"2855\" class=\"elementor elementor-2855\">\n\t\t\t\t\t\t<section class=\"elementor-section elementor-top-section elementor-element elementor-element-2d6ff92f elementor-section-full_width elementor-section-height-default elementor-section-height-default\" data-id=\"2d6ff92f\" data-element_type=\"section\">\n\t\t\t\t\t\t<div class=\"elementor-container elementor-column-gap-no\">\n\t\t\t\t\t<div class=\"elementor-column elementor-col-100 elementor-top-column elementor-element elementor-element-5dd1af01\" data-id=\"5dd1af01\" data-element_type=\"column\">\n\t\t\t<div class=\"elementor-widget-wrap elementor-element-populated\">\n\t\t\t\t\t\t<div class=\"elementor-section elementor-inner-section elementor-element elementor-element-349ac364 elementor-section-full_width elementor-section-height-default elementor-section-height-default\" data-id=\"349ac364\" data-element_type=\"section\">\n\t\t\t\t\t\t<div class=\"elementor-container elementor-column-gap-default\">\n\t\t\t\t\t<div class=\"elementor-column elementor-col-100 elementor-inner-column elementor-element elementor-element-4f164d68\" data-id=\"4f164d68\" data-element_type=\"column\">\n\t\t\t<div class=\"elementor-widget-wrap elementor-element-populated\">\n\t\t\t\t\t\t<div class=\"elementor-element elementor-element-62a551a4 elementor-widget elementor-widget-bauen-title\" data-id=\"62a551a4\" data-element_type=\"widget\" data-widget_type=\"bauen-title.default\">\n\t\t\t\t<div class=\"elementor-widget-container\">\n\t\t\t\t\t\t\t\n\t\t\t\t\t\t\t\t<h2 class=\"section-title2 text-left\">INTERIOR DESIGN<\/h2>\n\t\t\t\t\t\t\t\t\t\t\t\n\t\t\n\t\t\t\n        \t\t\t\t<\/div>\n\t\t\t\t<\/div>\n\t\t\t\t<div class=\"elementor-element elementor-element-6351a92 elementor-widget elementor-widget-bauen-text\" data-id=\"6351a92\" data-element_type=\"widget\" data-widget_type=\"bauen-text.default\">\n\t\t\t\t<div class=\"elementor-widget-container\">\n\t\t\t\t\t\t\t<div class=\"bn-text-block clear \">\n\t\t<p>Beck Architecture approaches interior design not merely as an aesthetic arrangement, but as an experiential framework that surrounds the user and enhances quality of life. The potential of each space is evaluated in conjunction with functional requirements and user expectations, delivering creative, feasible, and impactful solutions at every scale.<\/p><p><span style=\"color: #ff6f61;\">Concept Design<\/span><br \/>In this initial phase, the foundational ideas for the interior environment are developed, defining spatial organization, atmosphere, and overall ambience. Elements such as layout planning, volumetric composition, material selection, and color palette are presented with supporting 3D visualizations. The character and identity of the space are established at this stage.<\/p><p><span style=\"color: #ff6f61;\">Preliminary Design (Schematic Design)<\/span><br \/>Following the approval of the concept, detailed plans for layouts, ceiling and floor configurations, lighting schemes, and fixed furniture solutions are developed. All designs are coordinated to integrate seamlessly with technical infrastructure, including electrical and mechanical systems. Material selections are finalized, and alternative solutions are proposed where necessary to ensure optimal functionality and aesthetics.<\/p><p><span style=\"color: #ff6f61;\">Construction Documents<\/span><br \/>All technical documentation required for the execution phase is prepared in this stage, including detailed sections, custom furniture fabrication drawings, dimensioning, installation plans, and the precise layout of electrical and mechanical systems. Every aspect is meticulously defined to enable flawless on-site implementation, ensuring accuracy, consistency, and design integrity throughout the construction process.<\/p>\t\t<\/div>\n\t\t\t\t\t\t<\/div>\n\t\t\t\t<\/div>\n\t\t\t\t\t<\/div>\n\t\t<\/div>\n\t\t\t\t\t<\/div>\n\t\t<\/div>\n\t\t\t\t<div class=\"elementor-section elementor-inner-section elementor-element elementor-element-0deba3d elementor-section-full_width elementor-section-height-default elementor-section-height-default\" data-id=\"0deba3d\" data-element_type=\"section\">\n\t\t\t\t\t\t<div class=\"elementor-container elementor-column-gap-narrow\">\n\t\t\t\t\t<div class=\"elementor-column elementor-col-100 elementor-inner-column elementor-element elementor-element-70ca4c8\" data-id=\"70ca4c8\" data-element_type=\"column\">\n\t\t\t<div class=\"elementor-widget-wrap elementor-element-populated\">\n\t\t\t\t\t\t<div class=\"elementor-element elementor-element-4549594 elementor-widget elementor-widget-bauen-single-img-video\" data-id=\"4549594\" data-element_type=\"widget\" data-widget_type=\"bauen-single-img-video.default\">\n\t\t\t\t<div class=\"elementor-widget-container\">\n\t\t\t\t\t\t\t\n\t\t\n\t\t\t\n\t\t\t\t\t\t    \t\t\t\t\n\t\t\t\t\t<div class=\"sec-gallery gallery-item\">\n\t\t\t\t\t\t\n\t\t\t\t\t\t<a href=\"https:\/\/beckmimarlik.com\/wp-content\/uploads\/2025\/09\/ic-mimarlik.jpg\" title=\"\" class=\"img-zoom-gallery\">\n\t\t\t\t\t\t\t<div class=\"gallery-box\">\n\t\t\t\t\t\t\t\t<div class=\"gallery-img\"> <img fetchpriority=\"high\" decoding=\"async\" width=\"800\" height=\"1200\" src=\"https:\/\/beckmimarlik.com\/wp-content\/uploads\/2025\/09\/ic-mimarlik.jpg\" class=\"attachment-full size-full wp-image-2516\" alt=\"\" srcset=\"https:\/\/beckmimarlik.com\/wp-content\/uploads\/2025\/09\/ic-mimarlik.jpg 800w, https:\/\/beckmimarlik.com\/wp-content\/uploads\/2025\/09\/ic-mimarlik-200x300.jpg 200w, https:\/\/beckmimarlik.com\/wp-content\/uploads\/2025\/09\/ic-mimarlik-683x1024.jpg 683w, https:\/\/beckmimarlik.com\/wp-content\/uploads\/2025\/09\/ic-mimarlik-768x1152.jpg 768w\" sizes=\"(max-width: 800px) 100vw, 800px\" \/> <\/div>\n\t\t\t\t\t\t\t<\/div>\t\t\t\t\t\t\t\t\t\n\t\t\t\t\t\t<\/a>\n\t\t\t\t\t\t\n\t\t\t\t\t<\/div>\n\t\t\t    \t\n\t\t\t\t\t\t<\/div>\n\t\t\t\t<\/div>\n\t\t\t\t\t<\/div>\n\t\t<\/div>\n\t\t\t\t\t<\/div>\n\t\t<\/div>\n\t\t\t\t\t<\/div>\n\t\t<\/div>\n\t\t\t\t\t<\/div>\n\t\t<\/section>\n\t\t\t\t<\/div>\n\t\t","protected":false},"excerpt":{"rendered":"<p>INTERIOR DESIGN Beck Architecture approaches interior design not merely as an aesthetic arrangement, but as an experiential framework that surrounds the user and enhances quality of life. The potential of each space is evaluated in conjunction with functional requirements and user expectations, delivering creative, feasible, and impactful solutions at every scale. Concept Design In this initial phase, the foundational ideas&#8230;<\/p>\n","protected":false},"author":1,"featured_media":0,"parent":2821,"menu_order":0,"comment_status":"closed","ping_status":"closed","template":"","meta":{"footnotes":"","_links_to":"","_links_to_target":""},"class_list":["post-2855","page","type-page","status-publish","hentry"],"yoast_head":"<!-- This site is optimized with the Yoast SEO plugin v26.3 - https:\/\/yoast.com\/wordpress\/plugins\/seo\/ -->\n<title>Interior Design - Beck Mimarl\u0131k<\/title>\n<meta name=\"robots\" content=\"index, follow, max-snippet:-1, max-image-preview:large, max-video-preview:-1\" \/>\n<link rel=\"canonical\" href=\"https:\/\/beckmimarlik.com\/en\/services\/interior-design\/\" \/>\n<meta property=\"og:locale\" content=\"en_US\" \/>\n<meta property=\"og:type\" content=\"article\" \/>\n<meta property=\"og:title\" content=\"Interior Design - Beck Mimarl\u0131k\" \/>\n<meta property=\"og:description\" content=\"INTERIOR DESIGN Beck Architecture approaches interior design not merely as an aesthetic arrangement, but as an experiential framework that surrounds the user and enhances quality of life. The potential of each space is evaluated in conjunction with functional requirements and user expectations, delivering creative, feasible, and impactful solutions at every scale. Concept Design In this initial phase, the foundational ideas...\" \/>\n<meta property=\"og:url\" content=\"https:\/\/beckmimarlik.com\/en\/services\/interior-design\/\" \/>\n<meta property=\"og:site_name\" content=\"Beck Mimarl\u0131k\" \/>\n<meta property=\"article:modified_time\" content=\"2025-11-16T16:43:40+00:00\" \/>\n<meta property=\"og:image\" content=\"https:\/\/beckmimarlik.com\/wp-content\/uploads\/2025\/09\/ic-mimarlik.jpg\" \/>\n<meta name=\"twitter:card\" content=\"summary_large_image\" \/>\n<meta name=\"twitter:label1\" content=\"Est. reading time\" \/>\n\t<meta name=\"twitter:data1\" content=\"2 minutes\" \/>\n<script type=\"application\/ld+json\" class=\"yoast-schema-graph\">{\"@context\":\"https:\/\/schema.org\",\"@graph\":[{\"@type\":\"WebPage\",\"@id\":\"https:\/\/beckmimarlik.com\/en\/services\/interior-design\/\",\"url\":\"https:\/\/beckmimarlik.com\/en\/services\/interior-design\/\",\"name\":\"Interior Design - Beck Mimarl\u0131k\",\"isPartOf\":{\"@id\":\"https:\/\/beckmimarlik.com\/#website\"},\"primaryImageOfPage\":{\"@id\":\"https:\/\/beckmimarlik.com\/en\/services\/interior-design\/#primaryimage\"},\"image\":{\"@id\":\"https:\/\/beckmimarlik.com\/en\/services\/interior-design\/#primaryimage\"},\"thumbnailUrl\":\"https:\/\/beckmimarlik.com\/wp-content\/uploads\/2025\/09\/ic-mimarlik.jpg\",\"datePublished\":\"2021-10-04T01:14:55+00:00\",\"dateModified\":\"2025-11-16T16:43:40+00:00\",\"breadcrumb\":{\"@id\":\"https:\/\/beckmimarlik.com\/en\/services\/interior-design\/#breadcrumb\"},\"inLanguage\":\"en-US\",\"potentialAction\":[{\"@type\":\"ReadAction\",\"target\":[\"https:\/\/beckmimarlik.com\/en\/services\/interior-design\/\"]}]},{\"@type\":\"ImageObject\",\"inLanguage\":\"en-US\",\"@id\":\"https:\/\/beckmimarlik.com\/en\/services\/interior-design\/#primaryimage\",\"url\":\"https:\/\/beckmimarlik.com\/wp-content\/uploads\/2025\/09\/ic-mimarlik.jpg\",\"contentUrl\":\"https:\/\/beckmimarlik.com\/wp-content\/uploads\/2025\/09\/ic-mimarlik.jpg\"},{\"@type\":\"BreadcrumbList\",\"@id\":\"https:\/\/beckmimarlik.com\/en\/services\/interior-design\/#breadcrumb\",\"itemListElement\":[{\"@type\":\"ListItem\",\"position\":1,\"name\":\"Anasayfa\",\"item\":\"https:\/\/beckmimarlik.com\/en\/intro\/\"},{\"@type\":\"ListItem\",\"position\":2,\"name\":\"Services\",\"item\":\"https:\/\/beckmimarlik.com\/en\/services\/\"},{\"@type\":\"ListItem\",\"position\":3,\"name\":\"Interior Design\"}]},{\"@type\":\"WebSite\",\"@id\":\"https:\/\/beckmimarlik.com\/#website\",\"url\":\"https:\/\/beckmimarlik.com\/\",\"name\":\"Beck Mimarl\u0131k\",\"description\":\"Benzersiz estetik anlay\u0131\u015f\u0131 ile cesur konseptleri hayata ge\u00e7iriyoruz\",\"publisher\":{\"@id\":\"https:\/\/beckmimarlik.com\/#organization\"},\"potentialAction\":[{\"@type\":\"SearchAction\",\"target\":{\"@type\":\"EntryPoint\",\"urlTemplate\":\"https:\/\/beckmimarlik.com\/?s={search_term_string}\"},\"query-input\":{\"@type\":\"PropertyValueSpecification\",\"valueRequired\":true,\"valueName\":\"search_term_string\"}}],\"inLanguage\":\"en-US\"},{\"@type\":\"Organization\",\"@id\":\"https:\/\/beckmimarlik.com\/#organization\",\"name\":\"Beck Mimarl\u0131k\",\"url\":\"https:\/\/beckmimarlik.com\/\",\"logo\":{\"@type\":\"ImageObject\",\"inLanguage\":\"en-US\",\"@id\":\"https:\/\/beckmimarlik.com\/#\/schema\/logo\/image\/\",\"url\":\"https:\/\/beckmimarlik.com\/wp-content\/uploads\/2025\/08\/logo.png\",\"contentUrl\":\"https:\/\/beckmimarlik.com\/wp-content\/uploads\/2025\/08\/logo.png\",\"width\":1080,\"height\":1080,\"caption\":\"Beck Mimarl\u0131k\"},\"image\":{\"@id\":\"https:\/\/beckmimarlik.com\/#\/schema\/logo\/image\/\"},\"sameAs\":[\"https:\/\/www.instagram.com\/beckmimarlik\/\",\"https:\/\/www.linkedin.com\/company\/beck-mi-marlik\"]}]}<\/script>\n<!-- \/ Yoast SEO plugin. -->","yoast_head_json":{"title":"Interior Design - Beck Mimarl\u0131k","robots":{"index":"index","follow":"follow","max-snippet":"max-snippet:-1","max-image-preview":"max-image-preview:large","max-video-preview":"max-video-preview:-1"},"canonical":"https:\/\/beckmimarlik.com\/en\/services\/interior-design\/","og_locale":"en_US","og_type":"article","og_title":"Interior Design - Beck Mimarl\u0131k","og_description":"INTERIOR DESIGN Beck Architecture approaches interior design not merely as an aesthetic arrangement, but as an experiential framework that surrounds the user and enhances quality of life. The potential of each space is evaluated in conjunction with functional requirements and user expectations, delivering creative, feasible, and impactful solutions at every scale. Concept Design In this initial phase, the foundational ideas...","og_url":"https:\/\/beckmimarlik.com\/en\/services\/interior-design\/","og_site_name":"Beck Mimarl\u0131k","article_modified_time":"2025-11-16T16:43:40+00:00","og_image":[{"url":"https:\/\/beckmimarlik.com\/wp-content\/uploads\/2025\/09\/ic-mimarlik.jpg","type":"","width":"","height":""}],"twitter_card":"summary_large_image","twitter_misc":{"Est. reading time":"2 minutes"},"schema":{"@context":"https:\/\/schema.org","@graph":[{"@type":"WebPage","@id":"https:\/\/beckmimarlik.com\/en\/services\/interior-design\/","url":"https:\/\/beckmimarlik.com\/en\/services\/interior-design\/","name":"Interior Design - Beck Mimarl\u0131k","isPartOf":{"@id":"https:\/\/beckmimarlik.com\/#website"},"primaryImageOfPage":{"@id":"https:\/\/beckmimarlik.com\/en\/services\/interior-design\/#primaryimage"},"image":{"@id":"https:\/\/beckmimarlik.com\/en\/services\/interior-design\/#primaryimage"},"thumbnailUrl":"https:\/\/beckmimarlik.com\/wp-content\/uploads\/2025\/09\/ic-mimarlik.jpg","datePublished":"2021-10-04T01:14:55+00:00","dateModified":"2025-11-16T16:43:40+00:00","breadcrumb":{"@id":"https:\/\/beckmimarlik.com\/en\/services\/interior-design\/#breadcrumb"},"inLanguage":"en-US","potentialAction":[{"@type":"ReadAction","target":["https:\/\/beckmimarlik.com\/en\/services\/interior-design\/"]}]},{"@type":"ImageObject","inLanguage":"en-US","@id":"https:\/\/beckmimarlik.com\/en\/services\/interior-design\/#primaryimage","url":"https:\/\/beckmimarlik.com\/wp-content\/uploads\/2025\/09\/ic-mimarlik.jpg","contentUrl":"https:\/\/beckmimarlik.com\/wp-content\/uploads\/2025\/09\/ic-mimarlik.jpg"},{"@type":"BreadcrumbList","@id":"https:\/\/beckmimarlik.com\/en\/services\/interior-design\/#breadcrumb","itemListElement":[{"@type":"ListItem","position":1,"name":"Anasayfa","item":"https:\/\/beckmimarlik.com\/en\/intro\/"},{"@type":"ListItem","position":2,"name":"Services","item":"https:\/\/beckmimarlik.com\/en\/services\/"},{"@type":"ListItem","position":3,"name":"Interior Design"}]},{"@type":"WebSite","@id":"https:\/\/beckmimarlik.com\/#website","url":"https:\/\/beckmimarlik.com\/","name":"Beck Mimarl\u0131k","description":"Benzersiz estetik anlay\u0131\u015f\u0131 ile cesur konseptleri hayata ge\u00e7iriyoruz","publisher":{"@id":"https:\/\/beckmimarlik.com\/#organization"},"potentialAction":[{"@type":"SearchAction","target":{"@type":"EntryPoint","urlTemplate":"https:\/\/beckmimarlik.com\/?s={search_term_string}"},"query-input":{"@type":"PropertyValueSpecification","valueRequired":true,"valueName":"search_term_string"}}],"inLanguage":"en-US"},{"@type":"Organization","@id":"https:\/\/beckmimarlik.com\/#organization","name":"Beck Mimarl\u0131k","url":"https:\/\/beckmimarlik.com\/","logo":{"@type":"ImageObject","inLanguage":"en-US","@id":"https:\/\/beckmimarlik.com\/#\/schema\/logo\/image\/","url":"https:\/\/beckmimarlik.com\/wp-content\/uploads\/2025\/08\/logo.png","contentUrl":"https:\/\/beckmimarlik.com\/wp-content\/uploads\/2025\/08\/logo.png","width":1080,"height":1080,"caption":"Beck Mimarl\u0131k"},"image":{"@id":"https:\/\/beckmimarlik.com\/#\/schema\/logo\/image\/"},"sameAs":["https:\/\/www.instagram.com\/beckmimarlik\/","https:\/\/www.linkedin.com\/company\/beck-mi-marlik"]}]}},"_links":{"self":[{"href":"https:\/\/beckmimarlik.com\/en\/wp-json\/wp\/v2\/pages\/2855","targetHints":{"allow":["GET"]}}],"collection":[{"href":"https:\/\/beckmimarlik.com\/en\/wp-json\/wp\/v2\/pages"}],"about":[{"href":"https:\/\/beckmimarlik.com\/en\/wp-json\/wp\/v2\/types\/page"}],"author":[{"embeddable":true,"href":"https:\/\/beckmimarlik.com\/en\/wp-json\/wp\/v2\/users\/1"}],"replies":[{"embeddable":true,"href":"https:\/\/beckmimarlik.com\/en\/wp-json\/wp\/v2\/comments?post=2855"}],"version-history":[{"count":5,"href":"https:\/\/beckmimarlik.com\/en\/wp-json\/wp\/v2\/pages\/2855\/revisions"}],"predecessor-version":[{"id":2878,"href":"https:\/\/beckmimarlik.com\/en\/wp-json\/wp\/v2\/pages\/2855\/revisions\/2878"}],"up":[{"embeddable":true,"href":"https:\/\/beckmimarlik.com\/en\/wp-json\/wp\/v2\/pages\/2821"}],"wp:attachment":[{"href":"https:\/\/beckmimarlik.com\/en\/wp-json\/wp\/v2\/media?parent=2855"}],"curies":[{"name":"wp","href":"https:\/\/api.w.org\/{rel}","templated":true}]}}